{"id":258,"date":"2018-01-22T10:17:40","date_gmt":"2018-01-22T14:17:40","guid":{"rendered":"http:\/\/juntalavictoria.gob.do\/transparencia\/?page_id=258"},"modified":"2024-07-25T14:24:46","modified_gmt":"2024-07-25T18:24:46","slug":"responsable-de-acceso-a-la-informacion","status":"publish","type":"page","link":"https:\/\/juntalavictoria.gob.do\/transparencia\/responsable-de-acceso-a-la-informacion\/","title":{"rendered":"Responsable de Acceso a la Informaci\u00f3n"},"content":{"rendered":"<h3 class=\"font_3\"><\/h3>\n\n\n<\/h3>\n<figure class=\"wp-block-image size-large is-resized\"><img loading=\"lazy\" class=\"wp-image-1787 alignleft\" src=\"https:\/\/juntalavictoria.gob.do\/transparencia\/wp-content\/uploads\/2023\/11\/8a599144-455a-4a93-81df-2cc15132a647-700x1556.jpg\" alt=\"\" width=\"232\" height=\"515\" srcset=\"https:\/\/juntalavictoria.gob.do\/transparencia\/wp-content\/uploads\/2023\/11\/8a599144-455a-4a93-81df-2cc15132a647-700x1556.jpg 700w, https:\/\/juntalavictoria.gob.do\/transparencia\/wp-content\/uploads\/2023\/11\/8a599144-455a-4a93-81df-2cc15132a647-250x556.jpg 250w, https:\/\/juntalavictoria.gob.do\/transparencia\/wp-content\/uploads\/2023\/11\/8a599144-455a-4a93-81df-2cc15132a647-691x1536.jpg 691w, https:\/\/juntalavictoria.gob.do\/transparencia\/wp-content\/uploads\/2023\/11\/8a599144-455a-4a93-81df-2cc15132a647-120x267.jpg 120w, https:\/\/juntalavictoria.gob.do\/transparencia\/wp-content\/uploads\/2023\/11\/8a599144-455a-4a93-81df-2cc15132a647.jpg 720w\" sizes=\"(max-width: 232px) 100vw, 232px\" \/><\/figure>\n<h3 class=\"font_3\">\n\n\n<p>Contacto Responsable de Acceso a la Informaci\u00f3n<\/p>\n<p>Lic. Isabel Reyes Martinez<\/p>\n<p>Responsable de Acceso a la Informaci\u00f3n (RAI)<\/p>\n<p>Tel\u00e9fono: (809)222-8118 ext. 101<\/p>\n<p>Celular: (829) 658-5059<\/p>\n<p><strong>Correo electr\u00f3nico:\u00a0<span style=\"color: #000000;\"><a style=\"color: #000000;\" href=\"mailto:oai@juntalavictoria.gob.do\">oai@juntalavictoria.gob.do<\/a><\/span><\/strong><\/p>","protected":false},"excerpt":{"rendered":"Contacto Responsable de Acceso a la Informaci\u00f3n Lic. Isabel Reyes Martinez Responsable de Acceso a la Informaci\u00f3n (RAI) Tel\u00e9fono: (809)222-8118 ext. 101 Celular: (829) 658-5059 Correo electr\u00f3nico:\u00a0oai@juntalavictoria.gob.do","protected":false},"author":3,"featured_media":0,"parent":0,"menu_order":0,"comment_status":"closed","ping_status":"closed","template":"","meta":[],"acf":[],"_links":{"self":[{"href":"https:\/\/juntalavictoria.gob.do\/transparencia\/wp-json\/wp\/v2\/pages\/258"}],"collection":[{"href":"https:\/\/juntalavictoria.gob.do\/transparencia\/wp-json\/wp\/v2\/pages"}],"about":[{"href":"https:\/\/juntalavictoria.gob.do\/transparencia\/wp-json\/wp\/v2\/types\/page"}],"author":[{"embeddable":true,"href":"https:\/\/juntalavictoria.gob.do\/transparencia\/wp-json\/wp\/v2\/users\/3"}],"replies":[{"embeddable":true,"href":"https:\/\/juntalavictoria.gob.do\/transparencia\/wp-json\/wp\/v2\/comments?post=258"}],"version-history":[{"count":8,"href":"https:\/\/juntalavictoria.gob.do\/transparencia\/wp-json\/wp\/v2\/pages\/258\/revisions"}],"predecessor-version":[{"id":1957,"href":"https:\/\/juntalavictoria.gob.do\/transparencia\/wp-json\/wp\/v2\/pages\/258\/revisions\/1957"}],"wp:attachment":[{"href":"https:\/\/juntalavictoria.gob.do\/transparencia\/wp-json\/wp\/v2\/media?parent=258"}],"curies":[{"name":"wp","href":"https:\/\/api.w.org\/{rel}","templated":true}]}}